{"id":685,"date":"2020-08-29T08:22:33","date_gmt":"2020-08-29T06:22:33","guid":{"rendered":"http:\/\/dev.thomas-lissens.be\/affenage\/logement-en-ardenne\/"},"modified":"2021-04-23T17:00:34","modified_gmt":"2021-04-23T15:00:34","slug":"logement-en-ardenne","status":"publish","type":"page","link":"https:\/\/www.affenage.be\/de\/logement-en-ardenne\/","title":{"rendered":"Logement"},"content":{"rendered":"<p><strong>gem\u00fctliche Zimmer<\/strong><\/p>\n<p>Sie finden Ruhe und Komfort in l&#8217;Affenage.<\/p>\n<p>In einer so au\u00dfergew\u00f6hnlichen Umgebung muss jedes Zimmer einzigartig sein. In einer freundlichen Atmosph\u00e4re haben die Zimmer sanfte T\u00f6ne, um Ihnen Hospitalitait und Komfort zu bieten, damit Sie sich wie zu Hause f\u00fchlen.<\/p>\n<p>Unabh\u00e4ngig vom Grund f\u00fcr Ihren Besuch in Erez\u00e9e , l\u2019Affenage\u00a0 verf\u00fcgt \u00a0\u00fcber die notwendigen Bedingungnen f\u00fcr Ihre Ideen und Verbleib.<strong>\u00a0<\/strong><\/p>\n","protected":false},"excerpt":{"rendered":"<p>gem\u00fctliche Zimmer Sie finden Ruhe und Komfort in l&#8217;Affenage. In einer so au\u00dfergew\u00f6hnlichen Umgebung muss jedes Zimmer einzigartig sein. In einer freundlichen Atmosph\u00e4re haben die Zimmer sanfte T\u00f6ne, um Ihnen Hospitalitait und Komfort zu bieten, damit Sie sich wie zu Hause f\u00fchlen. Unabh\u00e4ngig vom Grund f\u00fcr Ihren Besuch in Erez\u00e9e , l\u2019Affenage\u00a0 verf\u00fcgt \u00a0\u00fcber die [&hellip;]<\/p>\n","protected":false},"author":1,"featured_media":687,"parent":0,"menu_order":0,"comment_status":"closed","ping_status":"closed","template":"page-hotel.php","meta":[],"yoast_head":"<!-- This site is optimized with the Yoast SEO plugin v18.5.1 - https:\/\/yoast.com\/wordpress\/plugins\/seo\/ -->\n<title>Logement - L&#039;affenage - H\u00f4tel familial en Ardenne<\/title>\n<meta name=\"robots\" content=\"index, follow, max-snippet:-1, max-image-preview:large, max-video-preview:-1\" \/>\n<link rel=\"canonical\" href=\"https:\/\/www.affenage.be\/de\/logement-en-ardenne\/\" \/>\n<meta property=\"og:locale\" content=\"de_DE\" \/>\n<meta property=\"og:type\" content=\"article\" \/>\n<meta property=\"og:title\" content=\"Logement - L&#039;affenage - H\u00f4tel familial en Ardenne\" \/>\n<meta property=\"og:description\" content=\"gem\u00fctliche Zimmer Sie finden Ruhe und Komfort in l&#8217;Affenage. In einer so au\u00dfergew\u00f6hnlichen Umgebung muss jedes Zimmer einzigartig sein. In einer freundlichen Atmosph\u00e4re haben die Zimmer sanfte T\u00f6ne, um Ihnen Hospitalitait und Komfort zu bieten, damit Sie sich wie zu Hause f\u00fchlen. Unabh\u00e4ngig vom Grund f\u00fcr Ihren Besuch in Erez\u00e9e , l\u2019Affenage\u00a0 verf\u00fcgt \u00a0\u00fcber die [&hellip;]\" \/>\n<meta property=\"og:url\" content=\"https:\/\/www.affenage.be\/de\/logement-en-ardenne\/\" \/>\n<meta property=\"og:site_name\" content=\"L&#039;affenage - H\u00f4tel familial en Ardenne\" \/>\n<meta property=\"article:modified_time\" content=\"2021-04-23T15:00:34+00:00\" \/>\n<meta property=\"og:image\" content=\"https:\/\/www.affenage.be\/wp-content\/uploads\/2021\/01\/29792296_1508902072564920_1738281854349344768_o.jpg\" \/>\n\t<meta property=\"og:image:width\" content=\"1224\" \/>\n\t<meta property=\"og:image:height\" content=\"918\" \/>\n\t<meta property=\"og:image:type\" content=\"image\/jpeg\" \/>\n<meta name=\"twitter:card\" content=\"summary_large_image\" \/>\n<script type=\"application\/ld+json\" class=\"yoast-schema-graph\">{\"@context\":\"https:\/\/schema.org\",\"@graph\":[{\"@type\":\"Organization\",\"@id\":\"https:\/\/www.affenage.be\/#organization\",\"name\":\"L'affenage\",\"url\":\"https:\/\/www.affenage.be\/\",\"sameAs\":[],\"logo\":{\"@type\":\"ImageObject\",\"@id\":\"https:\/\/www.affenage.be\/#logo\",\"inLanguage\":\"de\",\"url\":\"https:\/\/www.affenage.be\/wp-content\/uploads\/2020\/10\/logocouleurpng.png\",\"contentUrl\":\"https:\/\/www.affenage.be\/wp-content\/uploads\/2020\/10\/logocouleurpng.png\",\"width\":1024,\"height\":1133,\"caption\":\"L'affenage\"},\"image\":{\"@id\":\"https:\/\/www.affenage.be\/#logo\"}},{\"@type\":\"WebSite\",\"@id\":\"https:\/\/www.affenage.be\/#website\",\"url\":\"https:\/\/www.affenage.be\/\",\"name\":\"L&#039;affenage - H\u00f4tel familial en Ardenne\",\"description\":\"Un site utilisant WordPress\",\"publisher\":{\"@id\":\"https:\/\/www.affenage.be\/#organization\"},\"potentialAction\":[{\"@type\":\"SearchAction\",\"target\":{\"@type\":\"EntryPoint\",\"urlTemplate\":\"https:\/\/www.affenage.be\/?s={search_term_string}\"},\"query-input\":\"required name=search_term_string\"}],\"inLanguage\":\"de\"},{\"@type\":\"ImageObject\",\"@id\":\"https:\/\/www.affenage.be\/de\/logement-en-ardenne\/#primaryimage\",\"inLanguage\":\"de\",\"url\":\"https:\/\/www.affenage.be\/wp-content\/uploads\/2021\/01\/29792296_1508902072564920_1738281854349344768_o.jpg\",\"contentUrl\":\"https:\/\/www.affenage.be\/wp-content\/uploads\/2021\/01\/29792296_1508902072564920_1738281854349344768_o.jpg\",\"width\":1224,\"height\":918},{\"@type\":\"WebPage\",\"@id\":\"https:\/\/www.affenage.be\/de\/logement-en-ardenne\/#webpage\",\"url\":\"https:\/\/www.affenage.be\/de\/logement-en-ardenne\/\",\"name\":\"Logement - L&#039;affenage - H\u00f4tel familial en Ardenne\",\"isPartOf\":{\"@id\":\"https:\/\/www.affenage.be\/#website\"},\"primaryImageOfPage\":{\"@id\":\"https:\/\/www.affenage.be\/de\/logement-en-ardenne\/#primaryimage\"},\"datePublished\":\"2020-08-29T06:22:33+00:00\",\"dateModified\":\"2021-04-23T15:00:34+00:00\",\"breadcrumb\":{\"@id\":\"https:\/\/www.affenage.be\/de\/logement-en-ardenne\/#breadcrumb\"},\"inLanguage\":\"de\",\"potentialAction\":[{\"@type\":\"ReadAction\",\"target\":[\"https:\/\/www.affenage.be\/de\/logement-en-ardenne\/\"]}]},{\"@type\":\"BreadcrumbList\",\"@id\":\"https:\/\/www.affenage.be\/de\/logement-en-ardenne\/#breadcrumb\",\"itemListElement\":[{\"@type\":\"ListItem\",\"position\":1,\"name\":\"Accueil\",\"item\":\"https:\/\/www.affenage.be\/de\/\"},{\"@type\":\"ListItem\",\"position\":2,\"name\":\"Logement\"}]}]}<\/script>\n<!-- \/ Yoast SEO plugin. -->","yoast_head_json":{"title":"Logement - L&#039;affenage - H\u00f4tel familial en Ardenne","robots":{"index":"index","follow":"follow","max-snippet":"max-snippet:-1","max-image-preview":"max-image-preview:large","max-video-preview":"max-video-preview:-1"},"canonical":"https:\/\/www.affenage.be\/de\/logement-en-ardenne\/","og_locale":"de_DE","og_type":"article","og_title":"Logement - L&#039;affenage - H\u00f4tel familial en Ardenne","og_description":"gem\u00fctliche Zimmer Sie finden Ruhe und Komfort in l&#8217;Affenage. In einer so au\u00dfergew\u00f6hnlichen Umgebung muss jedes Zimmer einzigartig sein. In einer freundlichen Atmosph\u00e4re haben die Zimmer sanfte T\u00f6ne, um Ihnen Hospitalitait und Komfort zu bieten, damit Sie sich wie zu Hause f\u00fchlen. Unabh\u00e4ngig vom Grund f\u00fcr Ihren Besuch in Erez\u00e9e , l\u2019Affenage\u00a0 verf\u00fcgt \u00a0\u00fcber die [&hellip;]","og_url":"https:\/\/www.affenage.be\/de\/logement-en-ardenne\/","og_site_name":"L&#039;affenage - H\u00f4tel familial en Ardenne","article_modified_time":"2021-04-23T15:00:34+00:00","og_image":[{"width":1224,"height":918,"url":"https:\/\/www.affenage.be\/wp-content\/uploads\/2021\/01\/29792296_1508902072564920_1738281854349344768_o.jpg","type":"image\/jpeg"}],"twitter_card":"summary_large_image","schema":{"@context":"https:\/\/schema.org","@graph":[{"@type":"Organization","@id":"https:\/\/www.affenage.be\/#organization","name":"L'affenage","url":"https:\/\/www.affenage.be\/","sameAs":[],"logo":{"@type":"ImageObject","@id":"https:\/\/www.affenage.be\/#logo","inLanguage":"de","url":"https:\/\/www.affenage.be\/wp-content\/uploads\/2020\/10\/logocouleurpng.png","contentUrl":"https:\/\/www.affenage.be\/wp-content\/uploads\/2020\/10\/logocouleurpng.png","width":1024,"height":1133,"caption":"L'affenage"},"image":{"@id":"https:\/\/www.affenage.be\/#logo"}},{"@type":"WebSite","@id":"https:\/\/www.affenage.be\/#website","url":"https:\/\/www.affenage.be\/","name":"L&#039;affenage - H\u00f4tel familial en Ardenne","description":"Un site utilisant WordPress","publisher":{"@id":"https:\/\/www.affenage.be\/#organization"},"potentialAction":[{"@type":"SearchAction","target":{"@type":"EntryPoint","urlTemplate":"https:\/\/www.affenage.be\/?s={search_term_string}"},"query-input":"required name=search_term_string"}],"inLanguage":"de"},{"@type":"ImageObject","@id":"https:\/\/www.affenage.be\/de\/logement-en-ardenne\/#primaryimage","inLanguage":"de","url":"https:\/\/www.affenage.be\/wp-content\/uploads\/2021\/01\/29792296_1508902072564920_1738281854349344768_o.jpg","contentUrl":"https:\/\/www.affenage.be\/wp-content\/uploads\/2021\/01\/29792296_1508902072564920_1738281854349344768_o.jpg","width":1224,"height":918},{"@type":"WebPage","@id":"https:\/\/www.affenage.be\/de\/logement-en-ardenne\/#webpage","url":"https:\/\/www.affenage.be\/de\/logement-en-ardenne\/","name":"Logement - L&#039;affenage - H\u00f4tel familial en Ardenne","isPartOf":{"@id":"https:\/\/www.affenage.be\/#website"},"primaryImageOfPage":{"@id":"https:\/\/www.affenage.be\/de\/logement-en-ardenne\/#primaryimage"},"datePublished":"2020-08-29T06:22:33+00:00","dateModified":"2021-04-23T15:00:34+00:00","breadcrumb":{"@id":"https:\/\/www.affenage.be\/de\/logement-en-ardenne\/#breadcrumb"},"inLanguage":"de","potentialAction":[{"@type":"ReadAction","target":["https:\/\/www.affenage.be\/de\/logement-en-ardenne\/"]}]},{"@type":"BreadcrumbList","@id":"https:\/\/www.affenage.be\/de\/logement-en-ardenne\/#breadcrumb","itemListElement":[{"@type":"ListItem","position":1,"name":"Accueil","item":"https:\/\/www.affenage.be\/de\/"},{"@type":"ListItem","position":2,"name":"Logement"}]}]}},"_links":{"self":[{"href":"https:\/\/www.affenage.be\/de\/wp-json\/wp\/v2\/pages\/685"}],"collection":[{"href":"https:\/\/www.affenage.be\/de\/wp-json\/wp\/v2\/pages"}],"about":[{"href":"https:\/\/www.affenage.be\/de\/wp-json\/wp\/v2\/types\/page"}],"author":[{"embeddable":true,"href":"https:\/\/www.affenage.be\/de\/wp-json\/wp\/v2\/users\/1"}],"replies":[{"embeddable":true,"href":"https:\/\/www.affenage.be\/de\/wp-json\/wp\/v2\/comments?post=685"}],"version-history":[{"count":3,"href":"https:\/\/www.affenage.be\/de\/wp-json\/wp\/v2\/pages\/685\/revisions"}],"predecessor-version":[{"id":743,"href":"https:\/\/www.affenage.be\/de\/wp-json\/wp\/v2\/pages\/685\/revisions\/743"}],"wp:featuredmedia":[{"embeddable":true,"href":"https:\/\/www.affenage.be\/de\/wp-json\/wp\/v2\/media\/687"}],"wp:attachment":[{"href":"https:\/\/www.affenage.be\/de\/wp-json\/wp\/v2\/media?parent=685"}],"curies":[{"name":"wp","href":"https:\/\/api.w.org\/{rel}","templated":true}]}}